{"id":171,"date":"2018-01-18T14:31:18","date_gmt":"2018-01-18T12:31:18","guid":{"rendered":"http:\/\/kdmgumruk.com\/?page_id=171"},"modified":"2021-03-16T15:20:57","modified_gmt":"2021-03-16T12:20:57","slug":"beyannamenin-belirli-alanlarinda-yapilacak-duzeltmeye-iliskin-tespit-islemleri","status":"publish","type":"page","link":"https:\/\/ustaygm.com\/?page_id=171","title":{"rendered":"Beyannamenin Belirli Alanlar\u0131nda Yap\u0131lacak D\u00fczeltmeye \u0130li\u015fkin Tespit \u0130\u015flemleri"},"content":{"rendered":"<p><span style=\"color: #0000ff;\"><strong>BD1<\/strong> <\/span>G\u00fcmr\u00fck Kanununun 73 \u00fcnc\u00fc maddesinin ikinci f\u0131kras\u0131 uyar\u0131nca beyannamede yap\u0131lacak d\u00fczeltme i\u015flemlerinin, rehberde yer alan usul ve esaslar dikkate al\u0131narak \u00f6n incelemesi<\/p>\n<p><a href=\"http:\/\/kdmgumruk.com\/iletisim\/\"><strong>Detayl\u0131 bilgi i\u00e7in t\u0131klay\u0131n\u0131z\u2026<\/strong><\/a><\/p>\n","protected":false},"excerpt":{"rendered":"<p>BD1 G\u00fcmr\u00fck Kanununun 73 \u00fcnc\u00fc maddesinin ikinci f\u0131kras\u0131 uyar\u0131nca beyannamede yap\u0131lacak d\u00fczeltme i\u015flemlerinin, rehberde yer alan usul ve esaslar dikkate al\u0131narak \u00f6n incelemesi Detayl\u0131 bilgi i\u00e7in t\u0131klay\u0131n\u0131z\u2026<\/p>\n","protected":false},"author":1,"featured_media":0,"parent":142,"menu_order":0,"comment_status":"closed","ping_status":"closed","template":"","meta":{"footnotes":""},"class_list":["post-171","page","type-page","status-publish","hentry"],"_links":{"self":[{"href":"https:\/\/ustaygm.com\/index.php?rest_route=\/wp\/v2\/pages\/171","targetHints":{"allow":["GET"]}}],"collection":[{"href":"https:\/\/ustaygm.com\/index.php?rest_route=\/wp\/v2\/pages"}],"about":[{"href":"https:\/\/ustaygm.com\/index.php?rest_route=\/wp\/v2\/types\/page"}],"author":[{"embeddable":true,"href":"https:\/\/ustaygm.com\/index.php?rest_route=\/wp\/v2\/users\/1"}],"replies":[{"embeddable":true,"href":"https:\/\/ustaygm.com\/index.php?rest_route=%2Fwp%2Fv2%2Fcomments&post=171"}],"version-history":[{"count":2,"href":"https:\/\/ustaygm.com\/index.php?rest_route=\/wp\/v2\/pages\/171\/revisions"}],"predecessor-version":[{"id":486,"href":"https:\/\/ustaygm.com\/index.php?rest_route=\/wp\/v2\/pages\/171\/revisions\/486"}],"up":[{"embeddable":true,"href":"https:\/\/ustaygm.com\/index.php?rest_route=\/wp\/v2\/pages\/142"}],"wp:attachment":[{"href":"https:\/\/ustaygm.com\/index.php?rest_route=%2Fwp%2Fv2%2Fmedia&parent=171"}],"curies":[{"name":"wp","href":"https:\/\/api.w.org\/{rel}","templated":true}]}}