{"id":31,"date":"2018-01-01T21:51:02","date_gmt":"2018-01-01T18:51:02","guid":{"rendered":"http:\/\/kdmgumruk.com\/?page_id=31"},"modified":"2021-11-29T15:36:48","modified_gmt":"2021-11-29T12:36:48","slug":"ygm-mevzuat","status":"publish","type":"page","link":"https:\/\/ustaygm.com\/?page_id=31","title":{"rendered":"YGM Mevzuat"},"content":{"rendered":"<h3>Yetkilendirilmi\u015f Y\u00fck\u00fcml\u00fc Sertifikas\u0131 Uygulamas\u0131 ile Globalle\u015fen d\u00fcnyam\u0131zda g\u00fcmr\u00fck i\u015flemlerinin olabildi\u011fince basitle\u015ftirilerek firmalar\u0131m\u0131z\u0131n uluslararas\u0131 alanda rekabet g\u00fcc\u00fcn\u00fc art\u0131rmak, maliyetlerini azaltmak, \u00fclkemizin \u00fcretim katsay\u0131s\u0131n\u0131 art\u0131rmak, istihdam sa\u011flamak, i\u015fsizli\u011fi azaltmak, ki\u015fi ba\u015f\u0131na d\u00fc\u015fen milli gelirimizi art\u0131rmak odakl\u0131 hedeflere ula\u015f\u0131labilmesine do\u011frudan katk\u0131 sa\u011flayacak bir uygulaman\u0131n hayata ge\u00e7irilmesi ama\u00e7lanmaktad\u0131r. KDM, bu belgeye ba\u015fvurabilmek i\u00e7in firmalar\u0131n gerekli ko\u015fullar\u0131 sa\u011flay\u0131p sa\u011flamad\u0131klar\u0131n\u0131n tespit edilmesine, ihtiya\u00e7 duyulan bilgi, belge ve kaynaklar dahil yap\u0131lmas\u0131 gereken \u00e7al\u0131\u015fmalarda, ba\u015fvuru \u00f6nce ve sonras\u0131nda b\u00fct\u00fcn s\u00fcre\u00e7lerin g\u00f6zden ge\u00e7irilmesi hizmetlerini sunmaktad\u0131r.<\/h3>\n","protected":false},"excerpt":{"rendered":"<p>Yetkilendirilmi\u015f Y\u00fck\u00fcml\u00fc Sertifikas\u0131 Uygulamas\u0131 ile Globalle\u015fen d\u00fcnyam\u0131zda g\u00fcmr\u00fck i\u015flemlerinin olabildi\u011fince basitle\u015ftirilerek firmalar\u0131m\u0131z\u0131n uluslararas\u0131 alanda rekabet g\u00fcc\u00fcn\u00fc art\u0131rmak, maliyetlerini azaltmak, \u00fclkemizin \u00fcretim katsay\u0131s\u0131n\u0131 art\u0131rmak, istihdam sa\u011flamak, i\u015fsizli\u011fi azaltmak, ki\u015fi ba\u015f\u0131na d\u00fc\u015fen milli gelirimizi art\u0131rmak odakl\u0131 hedeflere ula\u015f\u0131labilmesine do\u011frudan katk\u0131 sa\u011flayacak bir uygulaman\u0131n hayata ge\u00e7irilmesi ama\u00e7lanmaktad\u0131r. KDM, bu belgeye ba\u015fvurabilmek i\u00e7in firmalar\u0131n gerekli ko\u015fullar\u0131 sa\u011flay\u0131p sa\u011flamad\u0131klar\u0131n\u0131n tespit [&hellip;]<\/p>\n","protected":false},"author":1,"featured_media":0,"parent":0,"menu_order":3,"comment_status":"closed","ping_status":"closed","template":"","meta":{"footnotes":""},"class_list":["post-31","page","type-page","status-publish","hentry"],"_links":{"self":[{"href":"https:\/\/ustaygm.com\/index.php?rest_route=\/wp\/v2\/pages\/31","targetHints":{"allow":["GET"]}}],"collection":[{"href":"https:\/\/ustaygm.com\/index.php?rest_route=\/wp\/v2\/pages"}],"about":[{"href":"https:\/\/ustaygm.com\/index.php?rest_route=\/wp\/v2\/types\/page"}],"author":[{"embeddable":true,"href":"https:\/\/ustaygm.com\/index.php?rest_route=\/wp\/v2\/users\/1"}],"replies":[{"embeddable":true,"href":"https:\/\/ustaygm.com\/index.php?rest_route=%2Fwp%2Fv2%2Fcomments&post=31"}],"version-history":[{"count":3,"href":"https:\/\/ustaygm.com\/index.php?rest_route=\/wp\/v2\/pages\/31\/revisions"}],"predecessor-version":[{"id":116,"href":"https:\/\/ustaygm.com\/index.php?rest_route=\/wp\/v2\/pages\/31\/revisions\/116"}],"wp:attachment":[{"href":"https:\/\/ustaygm.com\/index.php?rest_route=%2Fwp%2Fv2%2Fmedia&parent=31"}],"curies":[{"name":"wp","href":"https:\/\/api.w.org\/{rel}","templated":true}]}}