{"id":33,"date":"2018-01-01T21:51:18","date_gmt":"2018-01-01T19:51:18","guid":{"rendered":"http:\/\/kdmgumruk.com\/?page_id=33"},"modified":"2025-08-11T16:48:43","modified_gmt":"2025-08-11T13:48:43","slug":"iletisim","status":"publish","type":"page","link":"https:\/\/ustaygm.com\/?page_id=33","title":{"rendered":"\u0130LET\u0130\u015e\u0130M"},"content":{"rendered":"\n<p><span style=\"color: #0000ff;\"><strong>\u0130LET\u0130\u015e\u0130M ADRES\u0130 : <\/strong><\/span><\/p>\n\n\n\n<h4 class=\"wp-block-heading\"><strong>BARBAROS MAHALLES\u0130 AL ZAMBAK SK .<\/strong><br>\n<strong> VARYAP MERIDIAN A BLOK \/ 324<\/strong><\/h4>\n\n\n\n<h4 class=\"wp-block-heading\"><strong>ATA\u015eEH\u0130R \/ \u0130STANBUL<\/strong><br>\n<strong> TEL : 0 216 504 17 98&nbsp;<\/strong><\/h4>\n\n\n\n<p>WHATSAPP : 0549 330 92 80<\/p>\n\n\n\n<h4 class=\"wp-block-heading\"><strong>E- Mail : usta@ustaygm.com<\/strong><\/h4>\n\n\n\n<p><iframe loading=\"lazy\" style=\"border: 0;\" src=\"https:\/\/www.google.com\/maps\/embed?pb=!1m18!1m12!1m3!1d3011.1274761598165!2d29.09864431541383!3d41.0005829793016!2m3!1f0!2f0!3f0!3m2!1i1024!2i768!4f13.1!3m3!1m2!1s0x14cac883af3be5e1%3A0x8bdd69abed471d23!2sBarbaros+Mahallesi%2C+Varyap+Meridian+Grand+Tower+1%2C+34746+Ata%C5%9Fehir%2F%C4%B0stanbul!5e0!3m2!1str!2str!4v1514837361335\" width=\"600\" height=\"450\" frameborder=\"0\" allowfullscreen=\"allowfullscreen\"><\/iframe><\/p>\n\n\n\n<h4 class=\"wp-block-heading\"><\/h4>\n\n\n\n<p><\/p>\n","protected":false},"excerpt":{"rendered":"<p>\u0130LET\u0130\u015e\u0130M ADRES\u0130 : BARBAROS MAHALLES\u0130 AL ZAMBAK SK . VARYAP MERIDIAN A BLOK \/ 324 ATA\u015eEH\u0130R \/ \u0130STANBUL TEL : 0 216 504 17 98&nbsp; WHATSAPP : 0549 330 92 80 E- Mail : usta@ustaygm.com<\/p>\n","protected":false},"author":1,"featured_media":0,"parent":0,"menu_order":5,"comment_status":"closed","ping_status":"closed","template":"","meta":{"footnotes":""},"class_list":["post-33","page","type-page","status-publish","hentry"],"_links":{"self":[{"href":"https:\/\/ustaygm.com\/index.php?rest_route=\/wp\/v2\/pages\/33","targetHints":{"allow":["GET"]}}],"collection":[{"href":"https:\/\/ustaygm.com\/index.php?rest_route=\/wp\/v2\/pages"}],"about":[{"href":"https:\/\/ustaygm.com\/index.php?rest_route=\/wp\/v2\/types\/page"}],"author":[{"embeddable":true,"href":"https:\/\/ustaygm.com\/index.php?rest_route=\/wp\/v2\/users\/1"}],"replies":[{"embeddable":true,"href":"https:\/\/ustaygm.com\/index.php?rest_route=%2Fwp%2Fv2%2Fcomments&post=33"}],"version-history":[{"count":13,"href":"https:\/\/ustaygm.com\/index.php?rest_route=\/wp\/v2\/pages\/33\/revisions"}],"predecessor-version":[{"id":1533,"href":"https:\/\/ustaygm.com\/index.php?rest_route=\/wp\/v2\/pages\/33\/revisions\/1533"}],"wp:attachment":[{"href":"https:\/\/ustaygm.com\/index.php?rest_route=%2Fwp%2Fv2%2Fmedia&parent=33"}],"curies":[{"name":"wp","href":"https:\/\/api.w.org\/{rel}","templated":true}]}}