{"id":642,"date":"2021-11-29T14:45:44","date_gmt":"2021-11-29T11:45:44","guid":{"rendered":"http:\/\/kdmgumruk.com\/?page_id=642"},"modified":"2025-10-14T18:19:40","modified_gmt":"2025-10-14T15:19:40","slug":"kurumsall","status":"publish","type":"page","link":"https:\/\/ustaygm.com\/?page_id=642","title":{"rendered":"KURUMSAL"},"content":{"rendered":"\n<p><strong>USTA Yetkilendirilmi\u015f G\u00fcmr\u00fck M\u00fc\u015favirli\u011fi A.\u015e. <\/strong>1089371 say\u0131l\u0131 T\u00fcrkiye Ticaret Sicili numaras\u0131nda yay\u0131mlanan kurulu\u015f ilan\u0131 ile alan\u0131nda deneyimli ve bir k\u0131sm\u0131 Bakanl\u0131\u011f\u0131n Y\u00f6netim ve Denetim kademelerinde kamu hizmeti ge\u00e7mi\u015fi olan Yetkilendirilmi\u015f G\u00fcmr\u00fck M\u00fc\u015favirleri taraf\u0131ndan kurulmu\u015f olup, 29850\/07.10.2016 say\u0131 ve tarihli Resmi Gazetede yay\u0131mlanan G\u00fcmr\u00fck ve Ticaret Bakanl\u0131\u011f\u0131nca yetkilendirilmi\u015f g\u00fcmr\u00fck m\u00fc\u015favirince yap\u0131lacak tespit i\u015flemlerinin yan\u0131 s\u0131ra d\u0131\u015f ticaret i\u015flemlerinde optimum fayda ve verimin nas\u0131l elde edilebilece\u011fine y\u00f6nelik alternatif \u00e7\u00f6z\u00fcmler sunulmas\u0131, g\u00fcmr\u00fck idarelerinde ya da g\u00fcmr\u00fck i\u015flemleri kaynakl\u0131 ba\u015fka kamu idarelerinde kar\u015f\u0131la\u015f\u0131lan sorunlara \u00e7\u00f6z\u00fcm \u00fcretmek, idari ve adli safhada olan g\u00fcmr\u00fck uyu\u015fmazl\u0131klar\u0131nda \u00e7\u00f6z\u00fcm \u00fcretmek kapsam\u0131nda dan\u0131\u015fmanl\u0131k ve takip, y\u00f6nlendirme i\u015flemleri yap\u0131lmaktad\u0131r.<\/p>\n\n\n\n<p><strong>\u015eirketimiz, ge\u00e7mi\u015fte Ticaret Bakanl\u0131\u011f\u0131nda Denetim ve de B\u00f6lge M\u00fcd\u00fcrl\u00fckleri g\u00f6revlerinde bulunmu\u015f YGM\u2019lerin de ortak oldu\u011fu bir \u015firkettir.<\/strong><\/p>\n\n\n\n<p>\u015eirketimiz kurulu\u015fundan bu yana m\u00fc\u015fterilerin ihtiya\u00e7lar\u0131na ve beklentilerine yan\u0131t verecek \u015fekilde s\u00fcrekli kendini geli\u015ftirme \u00e7abas\u0131 i\u00e7erisindedir. \u015eirketimiz gelecekte de gerek milli, gerekse uluslararas\u0131 m\u00fc\u015fterilerine en \u00fcst standartlarda hizmet verebilmek i\u00e7in hizmet anlay\u0131\u015f\u0131, alt yap\u0131, insan kayna\u011f\u0131, teknoloji, finansal yap\u0131 alanlar\u0131nda \u00fcretici ve yap\u0131c\u0131 bir i\u00e7 ele\u015ftiri anlay\u0131\u015f\u0131 ile devaml\u0131 yenilenme ve geli\u015ftirmeyi ve b\u00f6ylece uzun y\u0131llar her ko\u015fulda hizmet sunacak s\u00fcrd\u00fcr\u00fclebilir bir kurumsal yap\u0131 ile faaliyetlerine devam etmeyi hedeflemektedir.<\/p>\n\n\n\n<p><\/p>\n","protected":false},"excerpt":{"rendered":"<p>USTA Yetkilendirilmi\u015f G\u00fcmr\u00fck M\u00fc\u015favirli\u011fi A.\u015e. 1089371 say\u0131l\u0131 T\u00fcrkiye Ticaret Sicili numaras\u0131nda yay\u0131mlanan kurulu\u015f ilan\u0131 ile alan\u0131nda deneyimli ve bir k\u0131sm\u0131 Bakanl\u0131\u011f\u0131n Y\u00f6netim ve Denetim kademelerinde kamu hizmeti ge\u00e7mi\u015fi olan Yetkilendirilmi\u015f G\u00fcmr\u00fck M\u00fc\u015favirleri taraf\u0131ndan kurulmu\u015f olup, 29850\/07.10.2016 say\u0131 ve tarihli Resmi Gazetede yay\u0131mlanan G\u00fcmr\u00fck ve Ticaret Bakanl\u0131\u011f\u0131nca yetkilendirilmi\u015f g\u00fcmr\u00fck m\u00fc\u015favirince yap\u0131lacak tespit i\u015flemlerinin yan\u0131 s\u0131ra d\u0131\u015f [&hellip;]<\/p>\n","protected":false},"author":1,"featured_media":0,"parent":0,"menu_order":0,"comment_status":"closed","ping_status":"closed","template":"","meta":{"footnotes":""},"class_list":["post-642","page","type-page","status-publish","hentry"],"_links":{"self":[{"href":"https:\/\/ustaygm.com\/index.php?rest_route=\/wp\/v2\/pages\/642","targetHints":{"allow":["GET"]}}],"collection":[{"href":"https:\/\/ustaygm.com\/index.php?rest_route=\/wp\/v2\/pages"}],"about":[{"href":"https:\/\/ustaygm.com\/index.php?rest_route=\/wp\/v2\/types\/page"}],"author":[{"embeddable":true,"href":"https:\/\/ustaygm.com\/index.php?rest_route=\/wp\/v2\/users\/1"}],"replies":[{"embeddable":true,"href":"https:\/\/ustaygm.com\/index.php?rest_route=%2Fwp%2Fv2%2Fcomments&post=642"}],"version-history":[{"count":8,"href":"https:\/\/ustaygm.com\/index.php?rest_route=\/wp\/v2\/pages\/642\/revisions"}],"predecessor-version":[{"id":1548,"href":"https:\/\/ustaygm.com\/index.php?rest_route=\/wp\/v2\/pages\/642\/revisions\/1548"}],"wp:attachment":[{"href":"https:\/\/ustaygm.com\/index.php?rest_route=%2Fwp%2Fv2%2Fmedia&parent=642"}],"curies":[{"name":"wp","href":"https:\/\/api.w.org\/{rel}","templated":true}]}}