{"id":720,"date":"2021-12-26T20:38:44","date_gmt":"2021-12-26T17:38:44","guid":{"rendered":"http:\/\/kdmgumruk.com\/?page_id=720"},"modified":"2022-04-14T14:30:09","modified_gmt":"2022-04-14T11:30:09","slug":"egitim","status":"publish","type":"page","link":"https:\/\/ustaygm.com\/?page_id=720","title":{"rendered":"E\u011e\u0130T\u0130M"},"content":{"rendered":"\n<div class=\"wp-block-columns is-layout-flex wp-container-core-columns-is-layout-9d6595d7 wp-block-columns-is-layout-flex\">\n<div class=\"wp-block-column is-layout-flow wp-block-column-is-layout-flow\" style=\"flex-basis:100%\">\n<figure class=\"wp-block-pullquote\"><blockquote><p><strong><mark style=\"background-color:rgba(0, 0, 0, 0)\" class=\"has-inline-color has-vivid-cyan-blue-color\">G\u00dcMR\u00dcK M\u00dc\u015eAV\u0130R ve YARDIMCILI\u011eI SINAVI ONLINE HAZIRLIK E\u011e\u0130T\u0130M\u0130<\/mark><\/strong><\/p><\/blockquote><\/figure>\n<\/div>\n<\/div>\n\n\n\n<figure class=\"wp-block-image size-large is-resized\"><img loading=\"lazy\" decoding=\"async\" src=\"http:\/\/kdmgumruk.com\/wp-content\/uploads\/2021\/12\/1-6-724x1024.jpeg\" alt=\"\" class=\"wp-image-761\" width=\"592\" height=\"838\" srcset=\"https:\/\/ustaygm.com\/wp-content\/uploads\/2021\/12\/1-6-724x1024.jpeg 724w, https:\/\/ustaygm.com\/wp-content\/uploads\/2021\/12\/1-6-212x300.jpeg 212w, https:\/\/ustaygm.com\/wp-content\/uploads\/2021\/12\/1-6-768x1086.jpeg 768w, https:\/\/ustaygm.com\/wp-content\/uploads\/2021\/12\/1-6-1086x1536.jpeg 1086w, https:\/\/ustaygm.com\/wp-content\/uploads\/2021\/12\/1-6.jpeg 1131w\" sizes=\"auto, (max-width: 592px) 100vw, 592px\" \/><\/figure>\n\n\n\n<figure class=\"wp-block-image size-large is-resized\"><img loading=\"lazy\" decoding=\"async\" src=\"http:\/\/kdmgumruk.com\/wp-content\/uploads\/2021\/12\/2-2-724x1024.jpeg\" alt=\"\" class=\"wp-image-753\" width=\"586\" height=\"829\" srcset=\"https:\/\/ustaygm.com\/wp-content\/uploads\/2021\/12\/2-2-724x1024.jpeg 724w, https:\/\/ustaygm.com\/wp-content\/uploads\/2021\/12\/2-2-212x300.jpeg 212w, https:\/\/ustaygm.com\/wp-content\/uploads\/2021\/12\/2-2-768x1086.jpeg 768w, https:\/\/ustaygm.com\/wp-content\/uploads\/2021\/12\/2-2-1086x1536.jpeg 1086w, https:\/\/ustaygm.com\/wp-content\/uploads\/2021\/12\/2-2.jpeg 1131w\" sizes=\"auto, (max-width: 586px) 100vw, 586px\" \/><\/figure>\n\n\n\n<p style=\"font-size:38px\"><strong>Bilgi ve Kay\u0131t i\u00e7in; 0542 516 53 20<\/strong><\/p>\n","protected":false},"excerpt":{"rendered":"<p>G\u00dcMR\u00dcK M\u00dc\u015eAV\u0130R ve YARDIMCILI\u011eI SINAVI ONLINE HAZIRLIK E\u011e\u0130T\u0130M\u0130 Bilgi ve Kay\u0131t i\u00e7in; 0542 516 53 20<\/p>\n","protected":false},"author":1,"featured_media":0,"parent":0,"menu_order":0,"comment_status":"closed","ping_status":"closed","template":"","meta":{"footnotes":""},"class_list":["post-720","page","type-page","status-publish","hentry"],"_links":{"self":[{"href":"https:\/\/ustaygm.com\/index.php?rest_route=\/wp\/v2\/pages\/720","targetHints":{"allow":["GET"]}}],"collection":[{"href":"https:\/\/ustaygm.com\/index.php?rest_route=\/wp\/v2\/pages"}],"about":[{"href":"https:\/\/ustaygm.com\/index.php?rest_route=\/wp\/v2\/types\/page"}],"author":[{"embeddable":true,"href":"https:\/\/ustaygm.com\/index.php?rest_route=\/wp\/v2\/users\/1"}],"replies":[{"embeddable":true,"href":"https:\/\/ustaygm.com\/index.php?rest_route=%2Fwp%2Fv2%2Fcomments&post=720"}],"version-history":[{"count":14,"href":"https:\/\/ustaygm.com\/index.php?rest_route=\/wp\/v2\/pages\/720\/revisions"}],"predecessor-version":[{"id":815,"href":"https:\/\/ustaygm.com\/index.php?rest_route=\/wp\/v2\/pages\/720\/revisions\/815"}],"wp:attachment":[{"href":"https:\/\/ustaygm.com\/index.php?rest_route=%2Fwp%2Fv2%2Fmedia&parent=720"}],"curies":[{"name":"wp","href":"https:\/\/api.w.org\/{rel}","templated":true}]}}